{"id":282,"date":"2022-03-17T19:53:45","date_gmt":"2022-03-17T19:53:45","guid":{"rendered":"https:\/\/bfrc.magnet.today\/past-webinars\/"},"modified":"2022-03-17T19:54:54","modified_gmt":"2022-03-17T19:54:54","slug":"evenements-passes","status":"publish","type":"page","link":"https:\/\/bfrc.magnet.today\/fr\/evenements-passes\/","title":{"rendered":"\u00c9v\u00e9nements pass\u00e9s"},"content":{"rendered":"","protected":false},"excerpt":{"rendered":"","protected":false},"author":1,"featured_media":0,"parent":0,"menu_order":0,"comment_status":"closed","ping_status":"closed","template":"page-pastwebinar.php","meta":[],"_links":{"self":[{"href":"https:\/\/bfrc.magnet.today\/fr\/wp-json\/wp\/v2\/pages\/282"}],"collection":[{"href":"https:\/\/bfrc.magnet.today\/fr\/wp-json\/wp\/v2\/pages"}],"about":[{"href":"https:\/\/bfrc.magnet.today\/fr\/wp-json\/wp\/v2\/types\/page"}],"author":[{"embeddable":true,"href":"https:\/\/bfrc.magnet.today\/fr\/wp-json\/wp\/v2\/users\/1"}],"replies":[{"embeddable":true,"href":"https:\/\/bfrc.magnet.today\/fr\/wp-json\/wp\/v2\/comments?post=282"}],"version-history":[{"count":1,"href":"https:\/\/bfrc.magnet.today\/fr\/wp-json\/wp\/v2\/pages\/282\/revisions"}],"predecessor-version":[{"id":284,"href":"https:\/\/bfrc.magnet.today\/fr\/wp-json\/wp\/v2\/pages\/282\/revisions\/284"}],"wp:attachment":[{"href":"https:\/\/bfrc.magnet.today\/fr\/wp-json\/wp\/v2\/media?parent=282"}],"curies":[{"name":"wp","href":"https:\/\/api.w.org\/{rel}","templated":true}]}}