{"id":108,"date":"2021-06-22T10:54:33","date_gmt":"2021-06-22T10:54:33","guid":{"rendered":"http:\/\/bfrc.magnet.today\/a-propos\/"},"modified":"2021-07-14T10:23:40","modified_gmt":"2021-07-14T10:23:40","slug":"a-propos","status":"publish","type":"page","link":"https:\/\/bfrc.magnet.today\/fr\/a-propos\/","title":{"rendered":"\u00c0 propos"},"content":{"rendered":"\n<figure class=\"wp-block-image size-large is-resized\"><img loading=\"lazy\" width=\"1024\" height=\"681\" src=\"http:\/\/bfrc.magnet.today\/wp-content\/uploads\/2021\/06\/AdobeStock_345569012-1024x681.jpeg\" alt=\"Zoom\" class=\"wp-image-20\" style=\"width:100%;height:auto;\" srcset=\"https:\/\/bfrc.magnet.today\/wp-content\/uploads\/2021\/06\/AdobeStock_345569012-1024x681.jpeg 1024w, https:\/\/bfrc.magnet.today\/wp-content\/uploads\/2021\/06\/AdobeStock_345569012-300x200.jpeg 300w, https:\/\/bfrc.magnet.today\/wp-content\/uploads\/2021\/06\/AdobeStock_345569012-768x511.jpeg 768w, https:\/\/bfrc.magnet.today\/wp-content\/uploads\/2021\/06\/AdobeStock_345569012-219x146.jpeg 219w, https:\/\/bfrc.magnet.today\/wp-content\/uploads\/2021\/06\/AdobeStock_345569012-50x33.jpeg 50w, https:\/\/bfrc.magnet.today\/wp-content\/uploads\/2021\/06\/AdobeStock_345569012-113x75.jpeg 113w, https:\/\/bfrc.magnet.today\/wp-content\/uploads\/2021\/06\/AdobeStock_345569012.jpeg 1154w\" sizes=\"(max-width: 1024px) 100vw, 1024px\" \/><\/figure>\n\n<h1>\u00c0 propos<\/h1>\n\n<p>La tourn\u00e9e virtuelle <strong><em>Construire des communaut\u00e9s pr\u00eates pour l&rsquo;avenir<\/em><\/strong> se d\u00e9roule partout au pays! Cette s\u00e9rie d\u2019\u00e9v\u00e9nements vise \u00e0 cr\u00e9er des occasions de dialogue intersectoriel entre les agences de placement communautaires, les \u00e9tablissements postsecondaires et les employeurs partout au Canada au sujet de questions li\u00e9es \u00e0 l\u2019avenir de l\u2019emploi.<\/p>\n\n<p>La s\u00e9rie, dont le coup d\u2019envoi sera donn\u00e9 en juin 2021, comprendra 12 conversations mensuelles tenues dans diff\u00e9rentes provinces, ainsi que 3 activit\u00e9s de cl\u00f4ture r\u00e9gionales en juin 2022. Les personnes qui prendront part aux s\u00e9ances auront la possibilit\u00e9 de discuter, d\u2019\u00e9changer des pratiques exemplaires et de s\u2019inspirer mutuellement au sujet des mani\u00e8res d\u2019outiller la main-d\u2019\u0153uvre et les employeurs du Canada, ainsi que de soutenir la pr\u00e9paration des entreprises \u00e0 l\u2019avenir du travail. <\/p>\n\n<p>Dans le but d\u2019abattre les cloisons entre les diff\u00e9rents secteurs et de faire en sorte que l\u2019\u00e9change d\u2019id\u00e9es continue apr\u00e8s les \u00e9v\u00e9nements, les conversations de la tourn\u00e9e virtuelle <strong><em>Construire des communaut\u00e9s pr\u00eates pour l&rsquo;avenir<\/em><\/strong> se poursuivront au sein de la <a href=\"https:\/\/magnet.whoplusyou.com\/lp\/fsc-ccf-cop\"><em>Communaut\u00e9 d\u2019expertise<\/em><\/a> du <strong>Centre des Comp\u00e9tences futures<\/strong>. <\/p>\n\n<p>Magnet s\u2019est aussi associ\u00e9e \u00e0 <strong>EnPoint<\/strong>, une entreprise qui utilise le mentorat pour aider les gens \u00e0 faire de leur passion une carri\u00e8re, pour l\u2019animation de la s\u00e9rie.<\/p>\n\n<p>Pour avoir acc\u00e8s \u00e0 la s\u00e9rie (y compris aux r\u00e9sum\u00e9s et aux enregistrements des \u00e9v\u00e9nements) et \u00e0 d\u2019autre formidable contenu communautaire, jetez un coup d\u2019\u0153il \u00e0 la Communaut\u00e9 d\u2019expertise et <a href=\"https:\/\/magnet.whoplusyou.com\/lp\/fsc-ccf-cop\">cr\u00e9ez votre compte ici.<\/a>  <\/p>\n\n<p>La Communaut\u00e9 d\u2019expertise est une plateforme collaborative pancanadienne de d\u00e9veloppement des comp\u00e9tences destin\u00e9e aux intervenants, \u00e9ducateurs, employeurs et groupes syndicaux, ainsi qu\u2019aux responsables des politiques au sein des \u00e9cosyst\u00e8mes de l\u2019emploi et de la formation. L\u2019objectif de la Communaut\u00e9 d\u2019expertise consiste \u00e0 \u00e9tablir des partenariat entre les services \u00e9ducatifs, gouvernementaux, technologiques et communautaires afin d\u2019aider la population canadienne \u00e0 jouir d\u2019une croissance inclusive dans un monde du travail en pleine mutation. <\/p>\n\n<div style=\"height:100px\" aria-hidden=\"true\" class=\"wp-block-spacer\"><\/div>\n","protected":false},"excerpt":{"rendered":"<p>\u00c0 propos La tourn\u00e9e virtuelle Construire des communaut\u00e9s pr\u00eates pour l&rsquo;avenir se d\u00e9roule partout au pays! Cette s\u00e9rie d\u2019\u00e9v\u00e9nements vise \u00e0 cr\u00e9er des occasions de dialogue<span class=\"excerpt-hellip\"> [\u2026]<\/span><\/p>\n","protected":false},"author":1,"featured_media":84,"parent":0,"menu_order":0,"comment_status":"closed","ping_status":"closed","template":"","meta":[],"_links":{"self":[{"href":"https:\/\/bfrc.magnet.today\/fr\/wp-json\/wp\/v2\/pages\/108"}],"collection":[{"href":"https:\/\/bfrc.magnet.today\/fr\/wp-json\/wp\/v2\/pages"}],"about":[{"href":"https:\/\/bfrc.magnet.today\/fr\/wp-json\/wp\/v2\/types\/page"}],"author":[{"embeddable":true,"href":"https:\/\/bfrc.magnet.today\/fr\/wp-json\/wp\/v2\/users\/1"}],"replies":[{"embeddable":true,"href":"https:\/\/bfrc.magnet.today\/fr\/wp-json\/wp\/v2\/comments?post=108"}],"version-history":[{"count":3,"href":"https:\/\/bfrc.magnet.today\/fr\/wp-json\/wp\/v2\/pages\/108\/revisions"}],"predecessor-version":[{"id":111,"href":"https:\/\/bfrc.magnet.today\/fr\/wp-json\/wp\/v2\/pages\/108\/revisions\/111"}],"wp:featuredmedia":[{"embeddable":true,"href":"https:\/\/bfrc.magnet.today\/fr\/wp-json\/wp\/v2\/media\/84"}],"wp:attachment":[{"href":"https:\/\/bfrc.magnet.today\/fr\/wp-json\/wp\/v2\/media?parent=108"}],"curies":[{"name":"wp","href":"https:\/\/api.w.org\/{rel}","templated":true}]}}